{"id":9545,"date":"2021-07-05T12:39:37","date_gmt":"2021-07-05T12:39:37","guid":{"rendered":"https:\/\/supervices.com\/contacto-con-nosotros\/"},"modified":"2021-07-05T12:39:38","modified_gmt":"2021-07-05T12:39:38","slug":"contacto-con-nosotros","status":"publish","type":"page","link":"https:\/\/supervices.com\/es\/contacto-con-nosotros\/","title":{"rendered":"Contacto con nosotros"},"content":{"rendered":"<h3>Anunciarse en supervicios<\/h3>\n<p>P\u00f3ngase en contacto con nosotros si est\u00e1 interesado en anunciarse en Supervices<\/p>\n<h3>Cuesti\u00f3n de derechos de autor\/DMCA<\/h3>\n<p>Si usted es titular de derechos de autor y cree que su contenido se ha utilizado por error, p\u00f3ngase en contacto con nosotros.<\/p>\n<h3>Licencia<\/h3>\n<h3>Soporte t\u00e9cnico<\/h3>\n<p>&nbsp;<\/p>\n","protected":false},"excerpt":{"rendered":"<p>Anunciarse en supervicios P\u00f3ngase en contacto con nosotros si est\u00e1 interesado en anunciarse en Supervices Cuesti\u00f3n de derechos de autor\/DMCA Si usted es titular de derechos de autor y cree que su contenido se ha utilizado por error, p\u00f3ngase en contacto con nosotros. Licencia Soporte t\u00e9cnico &nbsp; <a class=\"g1-link g1-link-more\" href=\"https:\/\/supervices.com\/es\/contacto-con-nosotros\/\">More<\/a><\/p>\n","protected":false},"author":1,"featured_media":0,"parent":0,"menu_order":0,"comment_status":"closed","ping_status":"closed","template":"","meta":[],"yoast_head":"<!-- This site is optimized with the Yoast SEO plugin v19.5.1 - https:\/\/yoast.com\/wordpress\/plugins\/seo\/ -->\n<title>Contacto con nosotros - supervices<\/title>\n<meta name=\"robots\" content=\"index, follow, max-snippet:-1, max-image-preview:large, max-video-preview:-1\" \/>\n<link rel=\"canonical\" href=\"https:\/\/supervices.com\/es\/contacto-con-nosotros\/\" \/>\n<meta property=\"og:locale\" content=\"es_ES\" \/>\n<meta property=\"og:type\" content=\"article\" \/>\n<meta property=\"og:title\" content=\"Contacto con nosotros - supervices\" \/>\n<meta property=\"og:description\" content=\"Anunciarse en supervicios P\u00f3ngase en contacto con nosotros si est\u00e1 interesado en anunciarse en Supervices Cuesti\u00f3n de derechos de autor\/DMCA Si usted es titular de derechos de autor y cree que su contenido se ha utilizado por error, p\u00f3ngase en contacto con nosotros. Licencia Soporte t\u00e9cnico &nbsp; More\" \/>\n<meta property=\"og:url\" content=\"https:\/\/supervices.com\/es\/contacto-con-nosotros\/\" \/>\n<meta property=\"og:site_name\" content=\"supervices\" \/>\n<meta property=\"article:modified_time\" content=\"2021-07-05T12:39:38+00:00\" \/>\n<meta name=\"twitter:card\" content=\"summary_large_image\" \/>\n<script type=\"application\/ld+json\" class=\"yoast-schema-graph\">{\"@context\":\"https:\/\/schema.org\",\"@graph\":[{\"@type\":\"WebPage\",\"@id\":\"https:\/\/supervices.com\/es\/contacto-con-nosotros\/\",\"url\":\"https:\/\/supervices.com\/es\/contacto-con-nosotros\/\",\"name\":\"Contacto con nosotros - supervices\",\"isPartOf\":{\"@id\":\"https:\/\/supervices.com\/#website\"},\"datePublished\":\"2021-07-05T12:39:37+00:00\",\"dateModified\":\"2021-07-05T12:39:38+00:00\",\"breadcrumb\":{\"@id\":\"https:\/\/supervices.com\/es\/contacto-con-nosotros\/#breadcrumb\"},\"inLanguage\":\"es\",\"potentialAction\":[{\"@type\":\"ReadAction\",\"target\":[\"https:\/\/supervices.com\/es\/contacto-con-nosotros\/\"]}]},{\"@type\":\"BreadcrumbList\",\"@id\":\"https:\/\/supervices.com\/es\/contacto-con-nosotros\/#breadcrumb\",\"itemListElement\":[{\"@type\":\"ListItem\",\"position\":1,\"name\":\"Home\",\"item\":\"https:\/\/supervices.com\/es\/\"},{\"@type\":\"ListItem\",\"position\":2,\"name\":\"Contacto con nosotros\"}]},{\"@type\":\"WebSite\",\"@id\":\"https:\/\/supervices.com\/#website\",\"url\":\"https:\/\/supervices.com\/\",\"name\":\"supervices\",\"description\":\"\",\"publisher\":{\"@id\":\"https:\/\/supervices.com\/#organization\"},\"potentialAction\":[{\"@type\":\"SearchAction\",\"target\":{\"@type\":\"EntryPoint\",\"urlTemplate\":\"https:\/\/supervices.com\/?s={search_term_string}\"},\"query-input\":\"required name=search_term_string\"}],\"inLanguage\":\"es\"},{\"@type\":\"Organization\",\"@id\":\"https:\/\/supervices.com\/#organization\",\"name\":\"supervices\",\"url\":\"https:\/\/supervices.com\/\",\"sameAs\":[],\"logo\":{\"@type\":\"ImageObject\",\"inLanguage\":\"es\",\"@id\":\"https:\/\/supervices.com\/#\/schema\/logo\/image\/\",\"url\":\"https:\/\/supervices.com\/wp-content\/uploads\/2020\/05\/sv1.png\",\"contentUrl\":\"https:\/\/supervices.com\/wp-content\/uploads\/2020\/05\/sv1.png\",\"width\":520,\"height\":122,\"caption\":\"supervices\"},\"image\":{\"@id\":\"https:\/\/supervices.com\/#\/schema\/logo\/image\/\"}}]}<\/script>\n<!-- \/ Yoast SEO plugin. -->","yoast_head_json":{"title":"Contacto con nosotros - supervices","robots":{"index":"index","follow":"follow","max-snippet":"max-snippet:-1","max-image-preview":"max-image-preview:large","max-video-preview":"max-video-preview:-1"},"canonical":"https:\/\/supervices.com\/es\/contacto-con-nosotros\/","og_locale":"es_ES","og_type":"article","og_title":"Contacto con nosotros - supervices","og_description":"Anunciarse en supervicios P\u00f3ngase en contacto con nosotros si est\u00e1 interesado en anunciarse en Supervices Cuesti\u00f3n de derechos de autor\/DMCA Si usted es titular de derechos de autor y cree que su contenido se ha utilizado por error, p\u00f3ngase en contacto con nosotros. Licencia Soporte t\u00e9cnico &nbsp; More","og_url":"https:\/\/supervices.com\/es\/contacto-con-nosotros\/","og_site_name":"supervices","article_modified_time":"2021-07-05T12:39:38+00:00","twitter_card":"summary_large_image","schema":{"@context":"https:\/\/schema.org","@graph":[{"@type":"WebPage","@id":"https:\/\/supervices.com\/es\/contacto-con-nosotros\/","url":"https:\/\/supervices.com\/es\/contacto-con-nosotros\/","name":"Contacto con nosotros - supervices","isPartOf":{"@id":"https:\/\/supervices.com\/#website"},"datePublished":"2021-07-05T12:39:37+00:00","dateModified":"2021-07-05T12:39:38+00:00","breadcrumb":{"@id":"https:\/\/supervices.com\/es\/contacto-con-nosotros\/#breadcrumb"},"inLanguage":"es","potentialAction":[{"@type":"ReadAction","target":["https:\/\/supervices.com\/es\/contacto-con-nosotros\/"]}]},{"@type":"BreadcrumbList","@id":"https:\/\/supervices.com\/es\/contacto-con-nosotros\/#breadcrumb","itemListElement":[{"@type":"ListItem","position":1,"name":"Home","item":"https:\/\/supervices.com\/es\/"},{"@type":"ListItem","position":2,"name":"Contacto con nosotros"}]},{"@type":"WebSite","@id":"https:\/\/supervices.com\/#website","url":"https:\/\/supervices.com\/","name":"supervices","description":"","publisher":{"@id":"https:\/\/supervices.com\/#organization"},"potentialAction":[{"@type":"SearchAction","target":{"@type":"EntryPoint","urlTemplate":"https:\/\/supervices.com\/?s={search_term_string}"},"query-input":"required name=search_term_string"}],"inLanguage":"es"},{"@type":"Organization","@id":"https:\/\/supervices.com\/#organization","name":"supervices","url":"https:\/\/supervices.com\/","sameAs":[],"logo":{"@type":"ImageObject","inLanguage":"es","@id":"https:\/\/supervices.com\/#\/schema\/logo\/image\/","url":"https:\/\/supervices.com\/wp-content\/uploads\/2020\/05\/sv1.png","contentUrl":"https:\/\/supervices.com\/wp-content\/uploads\/2020\/05\/sv1.png","width":520,"height":122,"caption":"supervices"},"image":{"@id":"https:\/\/supervices.com\/#\/schema\/logo\/image\/"}}]}},"wps_subtitle":"","amp_enabled":true,"_links":{"self":[{"href":"https:\/\/supervices.com\/es\/wp-json\/wp\/v2\/pages\/9545"}],"collection":[{"href":"https:\/\/supervices.com\/es\/wp-json\/wp\/v2\/pages"}],"about":[{"href":"https:\/\/supervices.com\/es\/wp-json\/wp\/v2\/types\/page"}],"author":[{"embeddable":true,"href":"https:\/\/supervices.com\/es\/wp-json\/wp\/v2\/users\/1"}],"replies":[{"embeddable":true,"href":"https:\/\/supervices.com\/es\/wp-json\/wp\/v2\/comments?post=9545"}],"version-history":[{"count":1,"href":"https:\/\/supervices.com\/es\/wp-json\/wp\/v2\/pages\/9545\/revisions"}],"predecessor-version":[{"id":9546,"href":"https:\/\/supervices.com\/es\/wp-json\/wp\/v2\/pages\/9545\/revisions\/9546"}],"wp:attachment":[{"href":"https:\/\/supervices.com\/es\/wp-json\/wp\/v2\/media?parent=9545"}],"curies":[{"name":"wp","href":"https:\/\/api.w.org\/{rel}","templated":true}]}}