{"id":9679,"date":"2021-07-05T12:41:38","date_gmt":"2021-07-05T12:41:38","guid":{"rendered":"https:\/\/supervices.com\/politica-de-privacidad\/"},"modified":"2021-07-05T12:41:38","modified_gmt":"2021-07-05T12:41:38","slug":"politica-de-privacidad","status":"publish","type":"page","link":"https:\/\/supervices.com\/es\/politica-de-privacidad\/","title":{"rendered":"Pol\u00edtica de privacidad"},"content":{"rendered":"&#13;\n<h2>This is how we handle your personal data<\/h2>&#13;\n<p>Fecha de entrada en vigor: 2020-05-02<\/p>&#13;\n&#13;\n<p>1. <strong>Introducci\u00f3n<\/strong><\/p>&#13;\n&#13;\n<p>Bienvenido a <strong>supervices.com<\/strong>.<\/p>&#13;\n&#13;\n<p> <strong>supervices<\/strong><strong>.<\/strong> com (&#8220;nosotros&#8221;, &#8220;nos&#8221; o &#8220;nuestro&#8221;) opera <strong>supervices.com<\/strong> (en adelante, <strong>el &#8220;Servicio&#8221;<\/strong>).<\/p>&#13;\n&#13;\n<p>Nuestra Pol\u00edtica de Privacidad rige su visita a <strong>supervices.com<\/strong>, y explica c\u00f3mo recogemos, salvaguardamos y divulgamos la informaci\u00f3n que resulta de su uso de nuestro Servicio.<\/p>&#13;\n&#13;\n<p>Utilizamos sus datos para proporcionar y mejorar el Servicio. Al utilizar el Servicio, usted acepta la recopilaci\u00f3n y el uso de la informaci\u00f3n de acuerdo con esta pol\u00edtica. A menos que se defina lo contrario en esta Pol\u00edtica de Privacidad, los t\u00e9rminos utilizados en esta Pol\u00edtica de Privacidad tienen el mismo significado que en nuestros T\u00e9rminos y Condiciones.<\/p>&#13;\n&#13;\n<p>Nuestros T\u00e9rminos y Condiciones (<strong>&#8220;T\u00e9rminos&#8221;<\/strong>) rigen todo el uso de nuestro Servicio y junto con la Pol\u00edtica de Privacidad constituyen su acuerdo con nosotros (<strong>&#8220;acuerdo&#8221;<\/strong>).<\/p>&#13;\n&#13;\n<p>2. <strong>Definiciones<\/strong><\/p>&#13;\n&#13;\n<p><strong>SERVICIO<\/strong> significa el sitio web supervices.com operado por supervices.com.<\/p>&#13;\n&#13;\n<p>Los<strong>DATOS PERSONALES<\/strong> son los datos de una persona viva que puede ser identificada a partir de esos datos (o de esos y otros datos que est\u00e1n en nuestro poder o que pueden llegar a estarlo).<\/p>&#13;\n&#13;\n<p>Los<strong>DATOS DE USO<\/strong> son datos recogidos autom\u00e1ticamente, ya sea generados por el uso del Servicio o por la propia infraestructura del Servicio (por ejemplo, la duraci\u00f3n de la visita a una p\u00e1gina).<\/p>&#13;\n&#13;\n<p><strong>Las COOKIES<\/strong> son peque\u00f1os archivos almacenados en su dispositivo (ordenador o dispositivo m\u00f3vil).<\/p>&#13;\n&#13;\n<p><strong>RESPONSABLE DEL TRA<\/strong> TAMIENTO DE DATOS: persona f\u00edsica o jur\u00eddica que (sola o conjuntamente o en com\u00fan con otras personas) determina los fines y la forma en que se tratan o se tratar\u00e1n los datos personales. A los efectos de la presente pol\u00edtica de privacidad, somos responsables del tratamiento de sus datos.<\/p>&#13;\n&#13;\n<p><strong>PROCESADORES DE DATOS (O PROVEEDORES DE SERVICIOS<\/strong> ): cualquier persona f\u00edsica o jur\u00eddica que trate los datos por cuenta del Responsable del Tratamiento. Podemos utilizar los servicios de varios proveedores de servicios para procesar sus datos de manera m\u00e1s eficaz.<\/p>&#13;\n&#13;\n<p>El<strong>SUJETO DE DATOS<\/strong> es cualquier individuo vivo que sea objeto de Datos Personales.<\/p>&#13;\n&#13;\n<p><strong>EL USUARIO<\/strong> es la persona que utiliza nuestro Servicio. El Usuario se corresponde con el Titular de los Datos, que es el sujeto de los Datos Personales.<\/p>&#13;\n&#13;\n<p>3. <strong>Recogida y uso de la informaci\u00f3n<\/strong><\/p>&#13;\n&#13;\n<p>Recogemos varios tipos de informaci\u00f3n con diversos fines para proporcionarle y mejorar nuestro Servicio.<\/p>&#13;\n&#13;\n<p>4. <strong>Tipos de datos recogidos<\/strong><\/p>&#13;\n&#13;\n<p><strong>Datos personales<\/strong><\/p>&#13;\n&#13;\n<p>Al utilizar nuestro Servicio, es posible que le pidamos que nos proporcione cierta informaci\u00f3n de identificaci\u00f3n personal que puede utilizarse para ponerse en contacto con usted o identificarle (<strong>&#8220;Datos personales&#8221;<\/strong>). La informaci\u00f3n personal identificable puede incluir, pero no est\u00e1 limitada a:<\/p>&#13;\n&#13;\n<p>0.1. Direcci\u00f3n de correo electr\u00f3nico<\/p>&#13;\n&#13;\n<p>0.2. Nombre y apellidos<\/p>&#13;\n&#13;\n<p>0.3. N\u00famero de tel\u00e9fono<\/p>&#13;\n&#13;\n<p>0.4. Direcci\u00f3n, pa\u00eds, estado, provincia, c\u00f3digo postal, ciudad<\/p>&#13;\n&#13;\n<p>0.5. Cookies y datos de uso<\/p>&#13;\n&#13;\n<p>Podemos utilizar sus datos personales para ponernos en contacto con usted mediante boletines informativos, material de marketing o promocional y otra informaci\u00f3n que pueda ser de su inter\u00e9s. Usted puede optar por no recibir ninguna, o todas, estas comunicaciones de nosotros siguiendo el enlace de cancelaci\u00f3n de la suscripci\u00f3n.<\/p>&#13;\n&#13;\n<p><strong>Datos de uso<\/strong><\/p>&#13;\n&#13;\n<p>Tambi\u00e9n podemos recopilar la informaci\u00f3n que su navegador env\u00eda cada vez que visita nuestro Servicio o cuando accede al Servicio por o a trav\u00e9s de cualquier dispositivo (<strong>&#8220;Datos de uso&#8221;<\/strong>).<\/p>&#13;\n&#13;\n<p>Estos datos de uso pueden incluir informaci\u00f3n como la direcci\u00f3n de protocolo de Internet de su ordenador (por ejemplo, la direcci\u00f3n IP), el tipo de navegador, la versi\u00f3n del navegador, las p\u00e1ginas de nuestro Servicio que visita, la hora y la fecha de su visita, el tiempo que pasa en esas p\u00e1ginas, los identificadores \u00fanicos del dispositivo y otros datos de diagn\u00f3stico.<\/p>&#13;\n&#13;\n<p>Cuando usted accede al Servicio con un dispositivo, estos Datos de Uso pueden incluir informaci\u00f3n como el tipo de dispositivo que utiliza, el ID \u00fanico de su dispositivo, la direcci\u00f3n IP de su dispositivo, el sistema operativo de su dispositivo, el tipo de navegador de Internet que utiliza, los identificadores \u00fanicos del dispositivo y otros datos de diagn\u00f3stico.<\/p>&#13;\n&#13;\n<p><strong>Datos de ubicaci\u00f3n<\/strong><\/p>&#13;\n&#13;\n<p>Podemos utilizar y almacenar informaci\u00f3n sobre su ubicaci\u00f3n si nos da permiso para hacerlo (<strong>&#8220;Datos de ubicaci\u00f3n&#8221;<\/strong>). Utilizamos estos datos para proporcionar funciones de nuestro Servicio, para mejorar y personalizar nuestro Servicio.<\/p>&#13;\n&#13;\n<p>Usted puede activar o desactivar los servicios de localizaci\u00f3n cuando utilice nuestro Servicio en cualquier momento mediante la configuraci\u00f3n de su dispositivo.<\/p>&#13;\n&#13;\n<p><strong>Datos de las cookies de seguimiento<\/strong><\/p>&#13;\n&#13;\n<p>Utilizamos cookies y tecnolog\u00edas de seguimiento similares para rastrear la actividad en nuestro Servicio y guardamos cierta informaci\u00f3n.<\/p>&#13;\n&#13;\n<p>Las cookies son archivos con una peque\u00f1a cantidad de datos que pueden incluir un identificador \u00fanico an\u00f3nimo. Las cookies se env\u00edan a su navegador desde un sitio web y se almacenan en su dispositivo. Tambi\u00e9n se utilizan otras tecnolog\u00edas de seguimiento, como balizas, etiquetas y scripts, para recopilar y rastrear informaci\u00f3n y mejorar y analizar nuestro Servicio.<\/p>&#13;\n&#13;\n<p>Puede ordenar a su navegador que rechace todas las cookies o que le indique cu\u00e1ndo se env\u00eda una cookie. Sin embargo, si no acepta las cookies, es posible que no pueda utilizar algunas partes de nuestro Servicio.<\/p>&#13;\n&#13;\n<p>Ejemplos de cookies que utilizamos:<\/p>&#13;\n&#13;\n<p>0.1. <strong>Cookies de sesi\u00f3n:<\/strong> Utilizamos Cookies de sesi\u00f3n para el funcionamiento de nuestro Servicio.<\/p>&#13;\n&#13;\n<p>0.2. <strong>Cookies de preferencia:<\/strong> Utilizamos cookies de preferencia para recordar sus preferencias y diversos ajustes.<\/p>&#13;\n&#13;\n<p>0.3. <strong>Cookies de seguridad:<\/strong> Utilizamos cookies de seguridad por motivos de seguridad.<\/p>&#13;\n&#13;\n<p>0.4. <strong>Cookies de publicidad:<\/strong> Las cookies publicitarias se utilizan para ofrecerle anuncios que pueden ser relevantes para usted y sus intereses.<\/p>&#13;\n&#13;\n<p><strong>Otros datos<\/strong><\/p>&#13;\n&#13;\n<p>Al utilizar nuestro Servicio, tambi\u00e9n podemos recopilar la siguiente informaci\u00f3n: sexo, edad, fecha de nacimiento, lugar de nacimiento, datos del pasaporte, ciudadan\u00eda, registro en el lugar de residencia y direcci\u00f3n real, n\u00famero de tel\u00e9fono (de trabajo, m\u00f3vil), detalles de los documentos sobre educaci\u00f3n, cualificaci\u00f3n, formaci\u00f3n profesional, acuerdos de empleo, acuerdos de no divulgaci\u00f3n, informaci\u00f3n sobre bonificaciones y compensaciones, informaci\u00f3n sobre el estado civil, miembros de la familia, n\u00famero de la seguridad social (u otra identificaci\u00f3n fiscal), ubicaci\u00f3n de la oficina y otros datos.<\/p>&#13;\n&#13;\n<p>5. <strong>Uso de los datos<\/strong><\/p>&#13;\n&#13;\n<p>supervices.com utiliza los datos recogidos para diversos fines:<\/p>&#13;\n&#13;\n<p>0.1. para proporcionar y mantener nuestro Servicio;<\/p>&#13;\n&#13;\n<p>0.2. para notificarle los cambios en nuestro Servicio;<\/p>&#13;\n&#13;\n<p>0.3. para permitirle participar en las funciones interactivas de nuestro Servicio cuando decida hacerlo;<\/p>&#13;\n&#13;\n<p>0.4. para proporcionar asistencia al cliente;<\/p>&#13;\n&#13;\n<p>0.5. para recopilar an\u00e1lisis o informaci\u00f3n valiosa para que podamos mejorar nuestro Servicio;<\/p>&#13;\n&#13;\n<p>0.6. para controlar el uso de nuestro Servicio;<\/p>&#13;\n&#13;\n<p>0.7. para detectar, prevenir y resolver problemas t\u00e9cnicos;<\/p>&#13;\n&#13;\n<p>0.8. para cumplir con cualquier otro prop\u00f3sito para el que la proporcione;<\/p>&#13;\n&#13;\n<p>0.9. para cumplir con nuestras obligaciones y hacer valer nuestros derechos derivados de cualquier contrato celebrado entre usted y nosotros, incluso para la facturaci\u00f3n y el cobro;<\/p>&#13;\n&#13;\n<p>0.10. para proporcionarle avisos sobre su cuenta y\/o suscripci\u00f3n, incluyendo avisos de caducidad y renovaci\u00f3n, instrucciones por correo electr\u00f3nico, etc;<\/p>&#13;\n&#13;\n<p>0.11. proporcionarle noticias, ofertas especiales e informaci\u00f3n general sobre otros bienes, servicios y eventos que ofrecemos y que son similares a los que ya ha comprado o sobre los que ha preguntado, a menos que haya optado por no recibir dicha informaci\u00f3n;<\/p>&#13;\n&#13;\n<p>0.12. de cualquier otra forma que podamos describir cuando usted proporcione la informaci\u00f3n;<\/p>&#13;\n&#13;\n<p>0.13. para cualquier otro fin con su consentimiento.<\/p>&#13;\n&#13;\n<p>6. <strong>Conservaci\u00f3n de datos<\/strong><\/p>&#13;\n&#13;\n<p>Conservaremos sus Datos Personales s\u00f3lo durante el tiempo necesario para los fines establecidos en esta Pol\u00edtica de Privacidad. Conservaremos y utilizaremos sus Datos Personales en la medida necesaria para cumplir con nuestras obligaciones legales (por ejemplo, si estamos obligados a conservar sus datos para cumplir con las leyes aplicables), resolver conflictos y hacer cumplir nuestros acuerdos y pol\u00edticas legales.<\/p>&#13;\n&#13;\n<p>Tambi\u00e9n conservaremos los Datos de Uso para fines de an\u00e1lisis interno. Los datos de uso se conservan generalmente durante un per\u00edodo m\u00e1s corto, excepto cuando estos datos se utilizan para reforzar la seguridad o para mejorar la funcionalidad de nuestro Servicio, o cuando estamos legalmente obligados a conservar estos datos durante per\u00edodos m\u00e1s largos.<\/p>&#13;\n&#13;\n<p>7. <strong>Transferencia de datos<\/strong><\/p>&#13;\n&#13;\n<p>Su informaci\u00f3n, incluidos los Datos Personales, puede ser transferida a -y mantenida en- ordenadores situados fuera de su estado, provincia, pa\u00eds u otra jurisdicci\u00f3n gubernamental donde las leyes de protecci\u00f3n de datos pueden diferir de las de su jurisdicci\u00f3n.<\/p>&#13;\n&#13;\n<p>Si se encuentra fuera de Estambul y decide proporcionarnos informaci\u00f3n, tenga en cuenta que transferimos los datos, incluidos los datos personales, a Estambul y los procesamos all\u00ed.<\/p>&#13;\n&#13;\n<p>Su consentimiento a la presente pol\u00edtica de privacidad, seguido del env\u00edo de dicha informaci\u00f3n, representa su acuerdo con dicha transferencia.<\/p>&#13;\n&#13;\n<p>supervices.com tomar\u00e1 todas las medidas razonablemente necesarias para garantizar que sus datos sean tratados de forma segura y de acuerdo con esta Pol\u00edtica de Privacidad y no se realizar\u00e1 ninguna transferencia de sus Datos Personales a una organizaci\u00f3n o pa\u00eds a menos que existan controles adecuados que incluyan la seguridad de sus datos y otra informaci\u00f3n personal.<\/p>&#13;\n&#13;\n<p>8. <strong>Divulgaci\u00f3n de datos<\/strong><\/p>&#13;\n&#13;\n<p>Podemos divulgar la informaci\u00f3n personal que recopilamos o que usted nos proporciona:<\/p>&#13;\n&#13;\n<p>0.1.  <strong>Divulgaci\u00f3n para la aplicaci\u00f3n de la ley.<\/strong><\/p>&#13;\n&#13;\n<p>En determinadas circunstancias, podemos estar obligados a revelar sus Datos Personales si as\u00ed lo exige la ley o en respuesta a solicitudes v\u00e1lidas de las autoridades p\u00fablicas.<\/p>&#13;\n&#13;\n<p>0.2.  <strong>Transacci\u00f3n comercial.<\/strong><\/p>&#13;\n&#13;\n<p>Si nosotros o nuestras filiales participamos en una fusi\u00f3n, adquisici\u00f3n o venta de activos, sus datos personales pueden ser transferidos.<\/p>&#13;\n&#13;\n<p>0.3.  <strong>Otros casos. Tambi\u00e9n podemos divulgar su informaci\u00f3n:<\/strong><\/p>&#13;\n&#13;\n<p>0.3.1. a nuestras subsidiarias y filiales;<\/p>&#13;\n&#13;\n<p>0.3.2. a contratistas, proveedores de servicios y otros terceros que utilizamos para apoyar nuestro negocio;<\/p>&#13;\n&#13;\n<p>0.3.3. para cumplir con el prop\u00f3sito para el que la proporciona;<\/p>&#13;\n&#13;\n<p>0.3.4. con el fin de incluir el logotipo de su empresa en nuestro sitio web;<\/p>&#13;\n&#13;\n<p>0.3.5. para cualquier otro fin que le comuniquemos cuando nos facilite la informaci\u00f3n;<\/p>&#13;\n&#13;\n<p>0.3.6. con su consentimiento en cualquier otro caso;<\/p>&#13;\n&#13;\n<p>0.3.7. si creemos que la divulgaci\u00f3n es necesaria o apropiada para proteger los derechos, la propiedad o la seguridad de la empresa, nuestros clientes u otros.<\/p>&#13;\n&#13;\n<p>9. <strong>Seguridad de los datos<\/strong><\/p>&#13;\n&#13;\n<p>La seguridad de sus datos es importante para nosotros, pero recuerde que ning\u00fan m\u00e9todo de transmisi\u00f3n por Internet o de almacenamiento electr\u00f3nico es 100% seguro. Aunque nos esforzamos por utilizar medios comercialmente aceptables para proteger sus Datos Personales, no podemos garantizar su absoluta seguridad.<\/p>&#13;\n&#13;\n<p>10. <strong>Proveedores de servicios<\/strong><\/p>&#13;\n&#13;\n<p>Podemos emplear a terceras empresas y personas para facilitar nuestro Servicio (<strong>&#8220;Proveedores de Servicios&#8221;<\/strong>), prestar el Servicio en nuestro nombre, realizar servicios relacionados con el Servicio o ayudarnos a analizar c\u00f3mo se utiliza nuestro Servicio.<\/p>&#13;\n&#13;\n<p>Estos terceros tienen acceso a sus Datos Personales \u00fanicamente para realizar estas tareas en nuestro nombre y est\u00e1n obligados a no divulgarlos ni utilizarlos para ning\u00fan otro fin.<\/p>&#13;\n&#13;\n<p>11. <strong>Anal\u00edtica<\/strong><\/p>&#13;\n&#13;\n<p>Podemos utilizar proveedores de servicios de terceros para supervisar y analizar el uso de nuestro Servicio.<\/p>&#13;\n&#13;\n<p>12. <strong>Herramientas CI\/CD<\/strong><\/p>&#13;\n&#13;\n<p>Podemos utilizar proveedores de servicios de terceros para automatizar el proceso de desarrollo de nuestro Servicio.<\/p>&#13;\n&#13;\n<p>13. <strong>Publicidad<\/strong><\/p>&#13;\n&#13;\n<p>Podemos utilizar proveedores de servicios de terceros para mostrarle anuncios para ayudar a apoyar y mantener nuestro Servicio.<\/p>&#13;\n&#13;\n<p>14. <strong>Remarketing por comportamiento<\/strong><\/p>&#13;\n&#13;\n<p>Podemos utilizar servicios de remarketing para publicitarle en sitios web de terceros despu\u00e9s de que haya visitado nuestro Servicio. Nosotros y nuestros proveedores externos utilizamos cookies para informar, optimizar y publicar anuncios basados en sus visitas anteriores a nuestro Servicio.<\/p>&#13;\n&#13;\n<p>15. <strong>Enlaces a otros sitios<\/strong><\/p>&#13;\n&#13;\n<p>Nuestro Servicio puede contener enlaces a otros sitios que no son operados por nosotros. Si hace clic en un enlace de un tercero, ser\u00e1 dirigido al sitio de ese tercero. Le recomendamos encarecidamente que revise la pol\u00edtica de privacidad de cada sitio que visite.<\/p>&#13;\n&#13;\n<p>No tenemos ning\u00fan control ni asumimos ninguna responsabilidad por el contenido, las pol\u00edticas de privacidad o las pr\u00e1cticas de los sitios o servicios de terceros.<\/p>&#13;\n&#13;\n<p>16. <strong>La privacidad de los ni\u00f1os<\/strong><\/p>&#13;\n&#13;\n<p>Nuestros Servicios no est\u00e1n destinados a ser utilizados por ni\u00f1os menores de 18 a\u00f1os (<strong>&#8220;Ni\u00f1o&#8221;<\/strong> o <strong>&#8220;Ni\u00f1os&#8221;<\/strong>).<\/p>&#13;\n&#13;\n<p>No recopilamos conscientemente informaci\u00f3n personal identificable de menores de 18 a\u00f1os. Si tiene conocimiento de que un ni\u00f1o nos ha proporcionado datos personales, p\u00f3ngase en contacto con nosotros. Si tenemos conocimiento de que hemos recopilado datos personales de ni\u00f1os sin verificar el consentimiento de los padres, tomamos medidas para eliminar esa informaci\u00f3n de nuestros servidores.<\/p>&#13;\n&#13;\n<p>17. <strong>Cambios en esta pol\u00edtica de privacidad<\/strong><\/p>&#13;\n&#13;\n<p>Podemos actualizar nuestra pol\u00edtica de privacidad de vez en cuando. Le notificaremos cualquier cambio publicando la nueva pol\u00edtica de privacidad en esta p\u00e1gina.<\/p>&#13;\n&#13;\n<p>Se lo comunicaremos por correo electr\u00f3nico y\/o mediante un aviso destacado en nuestro Servicio, antes de que el cambio entre en vigor y se actualice la &#8220;fecha de entrada en vigor&#8221; en la parte superior de esta Pol\u00edtica de Privacidad.<\/p>&#13;\n&#13;\n<p>Le recomendamos que revise peri\u00f3dicamente esta pol\u00edtica de privacidad para comprobar si se han producido cambios. Los cambios en esta pol\u00edtica de privacidad entran en vigor cuando se publican en esta p\u00e1gina.<\/p>&#13;\n&#13;\n<p>18. <strong>Contacto<\/strong><\/p>&#13;\n&#13;\n<p>Si tiene alguna pregunta sobre esta pol\u00edtica de privacidad, p\u00f3ngase en contacto con nosotros por correo electr\u00f3nico: <strong>privacy@supervices.com<\/strong>.<\/p>&#13;\n","protected":false},"excerpt":{"rendered":"<p>&#13; This is how we handle your personal data &#13; Fecha de entrada en vigor: 2020-05-02 &#13; &#13; 1. Introducci\u00f3n &#13; &#13; Bienvenido a supervices.com. &#13; &#13; supervices. com (&#8220;nosotros&#8221;, &#8220;nos&#8221; o &#8220;nuestro&#8221;) opera supervices.com (en adelante, el &#8220;Servicio&#8221;). &#13; &#13; Nuestra Pol\u00edtica de Privacidad rige su visita a supervices.com, y explica c\u00f3mo recogemos, salvaguardamos [&hellip;] <a class=\"g1-link g1-link-more\" href=\"https:\/\/supervices.com\/es\/politica-de-privacidad\/\">More<\/a><\/p>\n","protected":false},"author":1,"featured_media":0,"parent":0,"menu_order":0,"comment_status":"closed","ping_status":"open","template":"","meta":[],"yoast_head":"<!-- This site is optimized with the Yoast SEO plugin v19.5.1 - https:\/\/yoast.com\/wordpress\/plugins\/seo\/ -->\n<title>Pol\u00edtica de privacidad - supervices<\/title>\n<meta name=\"robots\" content=\"index, follow, max-snippet:-1, max-image-preview:large, max-video-preview:-1\" \/>\n<link rel=\"canonical\" href=\"https:\/\/supervices.com\/es\/politica-de-privacidad\/\" \/>\n<meta property=\"og:locale\" content=\"es_ES\" \/>\n<meta property=\"og:type\" content=\"article\" \/>\n<meta property=\"og:title\" content=\"Pol\u00edtica de privacidad - supervices\" \/>\n<meta property=\"og:description\" content=\"&#013; This is how we handle your personal data &#013; Fecha de entrada en vigor: 2020-05-02 &#013; &#013; 1. Introducci\u00f3n &#013; &#013; Bienvenido a supervices.com. &#013; &#013; supervices. com (&#8220;nosotros&#8221;, &#8220;nos&#8221; o &#8220;nuestro&#8221;) opera supervices.com (en adelante, el &#8220;Servicio&#8221;). &#013; &#013; Nuestra Pol\u00edtica de Privacidad rige su visita a supervices.com, y explica c\u00f3mo recogemos, salvaguardamos [&hellip;] More\" \/>\n<meta property=\"og:url\" content=\"https:\/\/supervices.com\/es\/politica-de-privacidad\/\" \/>\n<meta property=\"og:site_name\" content=\"supervices\" \/>\n<meta name=\"twitter:card\" content=\"summary_large_image\" \/>\n<meta name=\"twitter:label1\" content=\"Tiempo de lectura\" \/>\n\t<meta name=\"twitter:data1\" content=\"11 minutos\" \/>\n<script type=\"application\/ld+json\" class=\"yoast-schema-graph\">{\"@context\":\"https:\/\/schema.org\",\"@graph\":[{\"@type\":\"WebPage\",\"@id\":\"https:\/\/supervices.com\/es\/politica-de-privacidad\/\",\"url\":\"https:\/\/supervices.com\/es\/politica-de-privacidad\/\",\"name\":\"Pol\u00edtica de privacidad - supervices\",\"isPartOf\":{\"@id\":\"https:\/\/supervices.com\/#website\"},\"datePublished\":\"2021-07-05T12:41:38+00:00\",\"dateModified\":\"2021-07-05T12:41:38+00:00\",\"breadcrumb\":{\"@id\":\"https:\/\/supervices.com\/es\/politica-de-privacidad\/#breadcrumb\"},\"inLanguage\":\"es\",\"potentialAction\":[{\"@type\":\"ReadAction\",\"target\":[\"https:\/\/supervices.com\/es\/politica-de-privacidad\/\"]}]},{\"@type\":\"BreadcrumbList\",\"@id\":\"https:\/\/supervices.com\/es\/politica-de-privacidad\/#breadcrumb\",\"itemListElement\":[{\"@type\":\"ListItem\",\"position\":1,\"name\":\"Home\",\"item\":\"https:\/\/supervices.com\/es\/\"},{\"@type\":\"ListItem\",\"position\":2,\"name\":\"Pol\u00edtica de privacidad\"}]},{\"@type\":\"WebSite\",\"@id\":\"https:\/\/supervices.com\/#website\",\"url\":\"https:\/\/supervices.com\/\",\"name\":\"supervices\",\"description\":\"\",\"publisher\":{\"@id\":\"https:\/\/supervices.com\/#organization\"},\"potentialAction\":[{\"@type\":\"SearchAction\",\"target\":{\"@type\":\"EntryPoint\",\"urlTemplate\":\"https:\/\/supervices.com\/?s={search_term_string}\"},\"query-input\":\"required name=search_term_string\"}],\"inLanguage\":\"es\"},{\"@type\":\"Organization\",\"@id\":\"https:\/\/supervices.com\/#organization\",\"name\":\"supervices\",\"url\":\"https:\/\/supervices.com\/\",\"sameAs\":[],\"logo\":{\"@type\":\"ImageObject\",\"inLanguage\":\"es\",\"@id\":\"https:\/\/supervices.com\/#\/schema\/logo\/image\/\",\"url\":\"https:\/\/supervices.com\/wp-content\/uploads\/2020\/05\/sv1.png\",\"contentUrl\":\"https:\/\/supervices.com\/wp-content\/uploads\/2020\/05\/sv1.png\",\"width\":520,\"height\":122,\"caption\":\"supervices\"},\"image\":{\"@id\":\"https:\/\/supervices.com\/#\/schema\/logo\/image\/\"}}]}<\/script>\n<!-- \/ Yoast SEO plugin. -->","yoast_head_json":{"title":"Pol\u00edtica de privacidad - supervices","robots":{"index":"index","follow":"follow","max-snippet":"max-snippet:-1","max-image-preview":"max-image-preview:large","max-video-preview":"max-video-preview:-1"},"canonical":"https:\/\/supervices.com\/es\/politica-de-privacidad\/","og_locale":"es_ES","og_type":"article","og_title":"Pol\u00edtica de privacidad - supervices","og_description":"&#13; This is how we handle your personal data &#13; Fecha de entrada en vigor: 2020-05-02 &#13; &#13; 1. Introducci\u00f3n &#13; &#13; Bienvenido a supervices.com. &#13; &#13; supervices. com (&#8220;nosotros&#8221;, &#8220;nos&#8221; o &#8220;nuestro&#8221;) opera supervices.com (en adelante, el &#8220;Servicio&#8221;). &#13; &#13; Nuestra Pol\u00edtica de Privacidad rige su visita a supervices.com, y explica c\u00f3mo recogemos, salvaguardamos [&hellip;] More","og_url":"https:\/\/supervices.com\/es\/politica-de-privacidad\/","og_site_name":"supervices","twitter_card":"summary_large_image","twitter_misc":{"Tiempo de lectura":"11 minutos"},"schema":{"@context":"https:\/\/schema.org","@graph":[{"@type":"WebPage","@id":"https:\/\/supervices.com\/es\/politica-de-privacidad\/","url":"https:\/\/supervices.com\/es\/politica-de-privacidad\/","name":"Pol\u00edtica de privacidad - supervices","isPartOf":{"@id":"https:\/\/supervices.com\/#website"},"datePublished":"2021-07-05T12:41:38+00:00","dateModified":"2021-07-05T12:41:38+00:00","breadcrumb":{"@id":"https:\/\/supervices.com\/es\/politica-de-privacidad\/#breadcrumb"},"inLanguage":"es","potentialAction":[{"@type":"ReadAction","target":["https:\/\/supervices.com\/es\/politica-de-privacidad\/"]}]},{"@type":"BreadcrumbList","@id":"https:\/\/supervices.com\/es\/politica-de-privacidad\/#breadcrumb","itemListElement":[{"@type":"ListItem","position":1,"name":"Home","item":"https:\/\/supervices.com\/es\/"},{"@type":"ListItem","position":2,"name":"Pol\u00edtica de privacidad"}]},{"@type":"WebSite","@id":"https:\/\/supervices.com\/#website","url":"https:\/\/supervices.com\/","name":"supervices","description":"","publisher":{"@id":"https:\/\/supervices.com\/#organization"},"potentialAction":[{"@type":"SearchAction","target":{"@type":"EntryPoint","urlTemplate":"https:\/\/supervices.com\/?s={search_term_string}"},"query-input":"required name=search_term_string"}],"inLanguage":"es"},{"@type":"Organization","@id":"https:\/\/supervices.com\/#organization","name":"supervices","url":"https:\/\/supervices.com\/","sameAs":[],"logo":{"@type":"ImageObject","inLanguage":"es","@id":"https:\/\/supervices.com\/#\/schema\/logo\/image\/","url":"https:\/\/supervices.com\/wp-content\/uploads\/2020\/05\/sv1.png","contentUrl":"https:\/\/supervices.com\/wp-content\/uploads\/2020\/05\/sv1.png","width":520,"height":122,"caption":"supervices"},"image":{"@id":"https:\/\/supervices.com\/#\/schema\/logo\/image\/"}}]}},"wps_subtitle":"","amp_enabled":true,"_links":{"self":[{"href":"https:\/\/supervices.com\/es\/wp-json\/wp\/v2\/pages\/9679"}],"collection":[{"href":"https:\/\/supervices.com\/es\/wp-json\/wp\/v2\/pages"}],"about":[{"href":"https:\/\/supervices.com\/es\/wp-json\/wp\/v2\/types\/page"}],"author":[{"embeddable":true,"href":"https:\/\/supervices.com\/es\/wp-json\/wp\/v2\/users\/1"}],"replies":[{"embeddable":true,"href":"https:\/\/supervices.com\/es\/wp-json\/wp\/v2\/comments?post=9679"}],"version-history":[{"count":2,"href":"https:\/\/supervices.com\/es\/wp-json\/wp\/v2\/pages\/9679\/revisions"}],"predecessor-version":[{"id":9681,"href":"https:\/\/supervices.com\/es\/wp-json\/wp\/v2\/pages\/9679\/revisions\/9681"}],"wp:attachment":[{"href":"https:\/\/supervices.com\/es\/wp-json\/wp\/v2\/media?parent=9679"}],"curies":[{"name":"wp","href":"https:\/\/api.w.org\/{rel}","templated":true}]}}